{"id":2508,"date":"2022-03-04T17:24:20","date_gmt":"2022-03-04T17:24:20","guid":{"rendered":"https:\/\/novahumanitas.org\/pt\/?page_id=2508"},"modified":"2023-01-23T15:28:05","modified_gmt":"2023-01-23T15:28:05","slug":"acompanhamento","status":"publish","type":"page","link":"https:\/\/novahumanitas.org\/pt\/o-que-oferecemos\/acompanhamento\/","title":{"rendered":"Acompanhamento"},"content":{"rendered":"<div class=\"fusion-fullwidth fullwidth-box fusion-builder-row-1 nonhundred-percent-fullwidth non-hundred-percent-height-scrolling\" style=\"--awb-background-position:left top;--awb-border-sizes-top:0px;--awb-border-sizes-bottom:0px;--awb-border-sizes-left:0px;--awb-border-sizes-right:0px;--awb-border-radius-top-left:0px;--awb-border-radius-top-right:0px;--awb-border-radius-bottom-right:0px;--awb-border-radius-bottom-left:0px;--awb-padding-bottom:50px;--awb-flex-wrap:wrap;\" ><div class=\"fusion-builder-row fusion-row\"><div class=\"fusion-layout-column fusion_builder_column fusion-builder-column-0 fusion_builder_column_1_6 1_6 fusion-one-sixth fusion-column-first fusion-no-small-visibility\" style=\"--awb-bg-blend:overlay;--awb-bg-size:cover;width:13.3333%; margin-right: 4%;\"><div class=\"fusion-column-wrapper fusion-flex-column-wrapper-legacy\"><div class=\"fusion-clearfix\"><\/div><\/div><\/div><div class=\"fusion-layout-column fusion_builder_column fusion-builder-column-1 fusion_builder_column_2_3 2_3 fusion-two-third\" style=\"--awb-bg-blend:overlay;--awb-bg-size:cover;--awb-margin-bottom:30px;width:65.3333%; margin-right: 4%;\"><div class=\"fusion-column-wrapper fusion-flex-column-wrapper-legacy\"><div class=\"fusion-title title fusion-title-1 fusion-sep-none fusion-title-text fusion-title-size-one\" style=\"--awb-margin-top-small:0px;--awb-margin-right-small:0px;--awb-margin-bottom-small:20px;--awb-margin-left-small:0px;\"><h1 class=\"fusion-title-heading title-heading-left fusion-responsive-typography-calculated\" style=\"margin:0;--fontSize:44;line-height:1.15;\">Acompanhamento pessoal<\/h1><\/div><div class=\"fusion-text fusion-text-1\"><p><strong>Necessidade, natureza, finalidade:<\/strong><\/p>\n<p>\u2022 No caminho do crescimento interior ningu\u00e9m pode avan\u00e7ar sozinho. Cada pessoa tem o seu pr\u00f3prio ritmo e encontra as suas dificuldades particulares. Necessita, por isso, de um acompanhamento adaptado \u00e0s suas aspira\u00e7\u00f5es e \u00e0s suas necessidades concretas.<\/p>\n<p>\u2022 Em <strong>Novahumanitas<\/strong>, para aqueles que o desejam, o \u201cacompanhamento pessoal\u201d vivido com um formador, \u00e9 uma rela\u00e7\u00e3o de ajuda, personalizada e n\u00e3o diretiva, orientada ao crescimento profundo da pessoa.<\/p>\n<p>\u2022 A finalidade desta rela\u00e7\u00e3o de crescimento \u00e9 precisamente <strong>acompanhar, estimular e facilitar<\/strong> a descoberta e o desenvolvimento dos dinamismos de vida mais profundos do ser humano, ajudando-o tamb\u00e9m a retirar os obst\u00e1culos que impedem a sua harmoniza\u00e7\u00e3o interior e a sua plenitude de vida.<\/p>\n<\/div><div class=\"fusion-sep-clear\"><\/div><div class=\"fusion-separator\" style=\"margin-left: auto;margin-right: auto;margin-top:15px;margin-bottom:35px;width:100%;max-width:170px;\"><div class=\"fusion-separator-border sep-single sep-solid\" style=\"--awb-height:20px;--awb-amount:20px;--awb-sep-color:#4dbd1c;border-color:#4dbd1c;border-top-width:1px;\"><\/div><\/div><div class=\"fusion-sep-clear\"><\/div><div class=\"fusion-title title fusion-title-2 fusion-sep-none fusion-title-text fusion-title-size-one\" style=\"--awb-margin-top-small:0px;--awb-margin-right-small:0px;--awb-margin-bottom-small:20px;--awb-margin-left-small:0px;\"><h1 class=\"fusion-title-heading title-heading-left fusion-responsive-typography-calculated\" style=\"margin:0;--fontSize:44;line-height:1.15;\">Acompanhamento em grupo<\/h1><\/div><div class=\"fusion-text fusion-text-2\"><p><strong>Os \u201cIter\u201d<\/strong><\/p>\n<p>\u2022 Os <strong>\u201cIter\u201d<\/strong> (do latim, \u201ccaminho\u201d, \u201cpercurso\u201d, \u201cprocesso\u201d) s\u00e3o grupos de encontro e de trabalho pessoal de crescimento que se organizam depois das sess\u00f5es para aqueles que o desejam.<\/p>\n<p>\u2022 S\u00e3o constitu\u00eddos por pessoas que <strong>compreenderam por dentro:<\/strong><\/p>\n<ul>\n<li>que a forma\u00e7\u00e3o <strong>Novahumanitas<\/strong> n\u00e3o \u00e9 s\u00f3 \u201calgumas sess\u00f5es pontuais nas quais se pode participar\u201d como atos isolados ou como \u201cbal\u00f5es de oxig\u00e9nio\u201d no meio da correria quotidiana;<\/li>\n<li>que a vida \u00e9 um \u201ccaminho\u201d, um \u201cprocesso\u201d, uma bonita e constante \u201ctarefa\u201d de autodescoberta e de crescimento pessoal.<\/li>\n<\/ul>\n<p>\u2022 O objetivo dos <strong>\u201cIter\u201d<\/strong> \u00e9 precisamente permitir o encontro destas \u201cpessoas em caminho\u201d para oferecer-lhes o clima, as rela\u00e7\u00f5es vitalizantes e os meios pedag\u00f3gicos necess\u00e1rios para prosseguir o seu crescimento na vida quotidiana. Neles integram-se e assimilam-se lentamente os conte\u00fados das sess\u00f5es.<\/p>\n<\/div><div class=\"fusion-sep-clear\"><\/div><div class=\"fusion-separator\" style=\"margin-left: auto;margin-right: auto;margin-top:15px;margin-bottom:35px;width:100%;max-width:170px;\"><div class=\"fusion-separator-border sep-single sep-solid\" style=\"--awb-height:20px;--awb-amount:20px;--awb-sep-color:#4dbd1c;border-color:#4dbd1c;border-top-width:1px;\"><\/div><\/div><div class=\"fusion-sep-clear\"><\/div><div class=\"fusion-clearfix\"><\/div><\/div><\/div><\/div><\/div>\n","protected":false},"excerpt":{"rendered":"","protected":false},"author":1,"featured_media":0,"parent":2169,"menu_order":0,"comment_status":"closed","ping_status":"closed","template":"100-width.php","meta":{"footnotes":""},"class_list":["post-2508","page","type-page","status-publish","hentry"],"aioseo_notices":[],"_links":{"self":[{"href":"https:\/\/novahumanitas.org\/pt\/wp-json\/wp\/v2\/pages\/2508","targetHints":{"allow":["GET"]}}],"collection":[{"href":"https:\/\/novahumanitas.org\/pt\/wp-json\/wp\/v2\/pages"}],"about":[{"href":"https:\/\/novahumanitas.org\/pt\/wp-json\/wp\/v2\/types\/page"}],"author":[{"embeddable":true,"href":"https:\/\/novahumanitas.org\/pt\/wp-json\/wp\/v2\/users\/1"}],"replies":[{"embeddable":true,"href":"https:\/\/novahumanitas.org\/pt\/wp-json\/wp\/v2\/comments?post=2508"}],"version-history":[{"count":7,"href":"https:\/\/novahumanitas.org\/pt\/wp-json\/wp\/v2\/pages\/2508\/revisions"}],"predecessor-version":[{"id":2617,"href":"https:\/\/novahumanitas.org\/pt\/wp-json\/wp\/v2\/pages\/2508\/revisions\/2617"}],"up":[{"embeddable":true,"href":"https:\/\/novahumanitas.org\/pt\/wp-json\/wp\/v2\/pages\/2169"}],"wp:attachment":[{"href":"https:\/\/novahumanitas.org\/pt\/wp-json\/wp\/v2\/media?parent=2508"}],"curies":[{"name":"wp","href":"https:\/\/api.w.org\/{rel}","templated":true}]}}