{"id":2392,"date":"2020-06-12T15:15:35","date_gmt":"2020-06-12T14:15:35","guid":{"rendered":"https:\/\/novahumanitas.org\/pt\/?page_id=2392"},"modified":"2023-01-23T15:30:50","modified_gmt":"2023-01-23T15:30:50","slug":"a-quem-nos-dirigimos","status":"publish","type":"page","link":"https:\/\/novahumanitas.org\/pt\/a-quem-nos-dirigimos\/","title":{"rendered":"A quem nos dirigimos"},"content":{"rendered":"<div class=\"fusion-fullwidth fullwidth-box fusion-builder-row-1 nonhundred-percent-fullwidth non-hundred-percent-height-scrolling\" style=\"--awb-background-position:left top;--awb-border-sizes-top:0px;--awb-border-sizes-bottom:0px;--awb-border-sizes-left:0px;--awb-border-sizes-right:0px;--awb-border-radius-top-left:0px;--awb-border-radius-top-right:0px;--awb-border-radius-bottom-right:0px;--awb-border-radius-bottom-left:0px;--awb-padding-bottom:50px;--awb-flex-wrap:wrap;\" ><div class=\"fusion-builder-row fusion-row\"><div class=\"fusion-layout-column fusion_builder_column fusion-builder-column-0 fusion_builder_column_1_6 1_6 fusion-one-sixth fusion-column-first fusion-no-small-visibility\" style=\"--awb-bg-blend:overlay;--awb-bg-size:cover;width:13.3333%; margin-right: 4%;\"><div class=\"fusion-column-wrapper fusion-flex-column-wrapper-legacy\"><div class=\"fusion-clearfix\"><\/div><\/div><\/div><div class=\"fusion-layout-column fusion_builder_column fusion-builder-column-1 fusion_builder_column_2_3 2_3 fusion-two-third\" style=\"--awb-bg-blend:overlay;--awb-bg-size:cover;--awb-margin-bottom:30px;width:65.3333%; margin-right: 4%;\"><div class=\"fusion-column-wrapper fusion-flex-column-wrapper-legacy\"><div class=\"fusion-text fusion-text-1\"><h2 style=\"text-align: left\"><strong>Novahumanitas <\/strong>\u00e9 dirigida:<\/h2>\n<\/div><div class=\"fusion-text fusion-text-2\"><ul>\n<li>A <strong>qualquer pessoa adulta <\/strong>que deseje, de verdade, conhecer-se e crescer para melhorar a sua qualidade de vida pessoal e relacional, seja qual for o seu estatuto social, o seu n\u00edvel cultural ou a sua ideologia.<\/li>\n<li>A forma\u00e7\u00e3o <strong>Novahumanitas<\/strong> \u00e9, n\u00e3o obstante, <strong>particularmente indicada<\/strong> e<strong> \u00fatil<\/strong> para aquelas pessoas cuja atividade ou profiss\u00e3o exige um bom equil\u00edbrio pessoal e uma rela\u00e7\u00e3o humana de qualidade: pais, educadores, professores, profissionais de sa\u00fade, assistentes sociais, dirigentes e trabalhadores das empresas e dos servi\u00e7os, etc.<\/li>\n<\/ul>\n<p><strong><em>Nota importante:<\/em><\/strong><\/p>\n<p><em>As sess\u00f5es <\/em><strong>Novahumanitas<\/strong><em> s\u00e3o \u201c<strong>a\u00e7\u00f5es de forma\u00e7\u00e3o\u201d<\/strong> orientadas para o <strong>crescimento humano<\/strong>. N\u00e3o se destinam, nem talvez sejam aconselh\u00e1veis, a pessoas em estados de perturba\u00e7\u00e3o ou em psicoterapia.<\/em><\/p>\n<\/div><div class=\"fusion-sep-clear\"><\/div><div class=\"fusion-separator\" style=\"margin-left: auto;margin-right: auto;margin-top:15px;margin-bottom:35px;width:100%;max-width:170px;\"><div class=\"fusion-separator-border sep-single sep-solid\" style=\"--awb-height:20px;--awb-amount:20px;--awb-sep-color:#4dbd1c;border-color:#4dbd1c;border-top-width:1px;\"><\/div><\/div><div class=\"fusion-sep-clear\"><\/div><div class=\"fusion-clearfix\"><\/div><\/div><\/div><\/div><\/div>\n","protected":false},"excerpt":{"rendered":"","protected":false},"author":1,"featured_media":0,"parent":0,"menu_order":0,"comment_status":"closed","ping_status":"closed","template":"100-width.php","meta":{"footnotes":""},"class_list":["post-2392","page","type-page","status-publish","hentry"],"aioseo_notices":[],"_links":{"self":[{"href":"https:\/\/novahumanitas.org\/pt\/wp-json\/wp\/v2\/pages\/2392","targetHints":{"allow":["GET"]}}],"collection":[{"href":"https:\/\/novahumanitas.org\/pt\/wp-json\/wp\/v2\/pages"}],"about":[{"href":"https:\/\/novahumanitas.org\/pt\/wp-json\/wp\/v2\/types\/page"}],"author":[{"embeddable":true,"href":"https:\/\/novahumanitas.org\/pt\/wp-json\/wp\/v2\/users\/1"}],"replies":[{"embeddable":true,"href":"https:\/\/novahumanitas.org\/pt\/wp-json\/wp\/v2\/comments?post=2392"}],"version-history":[{"count":9,"href":"https:\/\/novahumanitas.org\/pt\/wp-json\/wp\/v2\/pages\/2392\/revisions"}],"predecessor-version":[{"id":2619,"href":"https:\/\/novahumanitas.org\/pt\/wp-json\/wp\/v2\/pages\/2392\/revisions\/2619"}],"wp:attachment":[{"href":"https:\/\/novahumanitas.org\/pt\/wp-json\/wp\/v2\/media?parent=2392"}],"curies":[{"name":"wp","href":"https:\/\/api.w.org\/{rel}","templated":true}]}}