{"id":2391,"date":"2020-06-12T15:14:59","date_gmt":"2020-06-12T14:14:59","guid":{"rendered":"https:\/\/novahumanitas.org\/pt\/?page_id=2391"},"modified":"2023-02-09T19:09:17","modified_gmt":"2023-02-09T19:09:17","slug":"aspetos-praticos","status":"publish","type":"page","link":"https:\/\/novahumanitas.org\/pt\/aspetos-praticos\/","title":{"rendered":"Aspetos Pr\u00e1ticos"},"content":{"rendered":"<div class=\"fusion-fullwidth fullwidth-box fusion-builder-row-1 nonhundred-percent-fullwidth non-hundred-percent-height-scrolling\" style=\"--awb-background-position:left top;--awb-border-sizes-top:0px;--awb-border-sizes-bottom:0px;--awb-border-sizes-left:0px;--awb-border-sizes-right:0px;--awb-border-radius-top-left:0px;--awb-border-radius-top-right:0px;--awb-border-radius-bottom-right:0px;--awb-border-radius-bottom-left:0px;--awb-padding-bottom:50px;--awb-flex-wrap:wrap;\" ><div class=\"fusion-builder-row fusion-row\"><div class=\"fusion-layout-column fusion_builder_column fusion-builder-column-0 fusion_builder_column_1_6 1_6 fusion-one-sixth fusion-column-first fusion-no-small-visibility\" style=\"--awb-bg-blend:overlay;--awb-bg-size:cover;width:13.3333%; margin-right: 4%;\"><div class=\"fusion-column-wrapper fusion-flex-column-wrapper-legacy\"><div class=\"fusion-clearfix\"><\/div><\/div><\/div><div class=\"fusion-layout-column fusion_builder_column fusion-builder-column-1 fusion_builder_column_2_3 2_3 fusion-two-third\" style=\"--awb-bg-blend:overlay;--awb-bg-size:cover;--awb-margin-bottom:30px;width:65.3333%; margin-right: 4%;\"><div class=\"fusion-column-wrapper fusion-flex-column-wrapper-legacy\"><div class=\"fusion-text fusion-text-1\"><h2 style=\"text-align: left\">Informa\u00e7\u00f5es \u2013 aspetos pr\u00e1ticos<\/h2>\n<\/div><div class=\"fusion-text fusion-text-2\"><p><strong> \u2022 In\u00edcio da forma\u00e7\u00e3o<\/strong><\/p>\n<p>A forma\u00e7\u00e3o Novahumanitas deve iniciar-se, habitualmente, pela sess\u00e3o <strong>\u201cDescobre-te a ti mesmo\u2026\u201d<\/strong>. Nela apresenta-se os elementos b\u00e1sicos da estrutura humana e da pedagogia. Em determinados casos, poder\u00e1 iniciar-se tamb\u00e9m pelas sess\u00f5es <strong>\u201cCrescer em verdadeira autoestima\u201d<\/strong>, <strong>\u201cEducar: a arte de ajudar a crescer\u201d<\/strong> ou \u201c<strong>Viver e agir em grupo\u201d<\/strong>.<\/p>\n<p><strong>\u2022 Participantes e inscri\u00e7\u00f5es<\/strong><br \/>\nO n\u00famero de participantes \u00e9 reduzido: cerca de quinze pessoas. Por isso, as inscri\u00e7\u00f5es devem fazer-se com anteced\u00eancia.<\/p>\n<p>\u2022<strong> Funcionamento econ\u00f3mico<\/strong><br \/>\nA contribui\u00e7\u00e3o econ\u00f3mica em Novahumanitas \u00e9 original e tem tamb\u00e9m uma fun\u00e7\u00e3o formativa. A partir de uma tarifa de refer\u00eancia reduzida, cada participante \u00e9 convidado a \u201ccontribuir\u201d, de acordo com os seus rendimentos l\u00edquidos mensais, com a quantia que sinta ajustada \u00e0s suas possibilidades concretas.<br \/>\nNovahumanitas vive assim um esp\u00edrito aberto de solidariedade ativa: deseja suscitar tamb\u00e9m nas pessoas uma atitude adulta de coer\u00eancia livre e de justi\u00e7a respons\u00e1vel.<br \/>\nPor tudo isto, ningu\u00e9m deve deixar de participar numa sess\u00e3o Novahumanitas por problemas econ\u00f3micos reais: todas as adapta\u00e7\u00f5es s\u00e3o poss\u00edveis falando francamente com o formador.<\/p>\n<p><strong>\u2022 Hor\u00e1rios<\/strong><br \/>\nAs sess\u00f5es come\u00e7am, habitualmente, na v\u00e9spera do primeiro dia indicado no calend\u00e1rio, pelas 21h00 e terminam \u00e0s 19h00 do \u00faltimo dia.<\/p>\n<\/div><div class=\"fusion-sep-clear\"><\/div><div class=\"fusion-separator\" style=\"margin-left: auto;margin-right: auto;margin-top:15px;margin-bottom:35px;width:100%;max-width:170px;\"><div class=\"fusion-separator-border sep-single sep-solid\" style=\"--awb-height:20px;--awb-amount:20px;--awb-sep-color:#4dbd1c;border-color:#4dbd1c;border-top-width:1px;\"><\/div><\/div><div class=\"fusion-sep-clear\"><\/div><div class=\"fusion-clearfix\"><\/div><\/div><\/div><\/div><\/div>\n","protected":false},"excerpt":{"rendered":"","protected":false},"author":1,"featured_media":0,"parent":0,"menu_order":0,"comment_status":"closed","ping_status":"closed","template":"100-width.php","meta":{"footnotes":""},"class_list":["post-2391","page","type-page","status-publish","hentry"],"aioseo_notices":[],"_links":{"self":[{"href":"https:\/\/novahumanitas.org\/pt\/wp-json\/wp\/v2\/pages\/2391","targetHints":{"allow":["GET"]}}],"collection":[{"href":"https:\/\/novahumanitas.org\/pt\/wp-json\/wp\/v2\/pages"}],"about":[{"href":"https:\/\/novahumanitas.org\/pt\/wp-json\/wp\/v2\/types\/page"}],"author":[{"embeddable":true,"href":"https:\/\/novahumanitas.org\/pt\/wp-json\/wp\/v2\/users\/1"}],"replies":[{"embeddable":true,"href":"https:\/\/novahumanitas.org\/pt\/wp-json\/wp\/v2\/comments?post=2391"}],"version-history":[{"count":7,"href":"https:\/\/novahumanitas.org\/pt\/wp-json\/wp\/v2\/pages\/2391\/revisions"}],"predecessor-version":[{"id":2703,"href":"https:\/\/novahumanitas.org\/pt\/wp-json\/wp\/v2\/pages\/2391\/revisions\/2703"}],"wp:attachment":[{"href":"https:\/\/novahumanitas.org\/pt\/wp-json\/wp\/v2\/media?parent=2391"}],"curies":[{"name":"wp","href":"https:\/\/api.w.org\/{rel}","templated":true}]}}