{"id":2322,"date":"2020-05-28T16:36:11","date_gmt":"2020-05-28T15:36:11","guid":{"rendered":"https:\/\/novahumanitas.org\/pt\/?page_id=2322"},"modified":"2023-01-23T15:15:26","modified_gmt":"2023-01-23T15:15:26","slug":"visao-e-missao","status":"publish","type":"page","link":"https:\/\/novahumanitas.org\/pt\/quem-somos\/visao-e-missao\/","title":{"rendered":"Vis\u00e3o e Miss\u00e3o"},"content":{"rendered":"<div class=\"fusion-fullwidth fullwidth-box fusion-builder-row-1 nonhundred-percent-fullwidth non-hundred-percent-height-scrolling\" style=\"--awb-background-position:left top;--awb-border-sizes-top:0px;--awb-border-sizes-bottom:0px;--awb-border-sizes-left:0px;--awb-border-sizes-right:0px;--awb-border-radius-top-left:0px;--awb-border-radius-top-right:0px;--awb-border-radius-bottom-right:0px;--awb-border-radius-bottom-left:0px;--awb-padding-top:0px;--awb-padding-bottom:50px;--awb-flex-wrap:wrap;\" ><div class=\"fusion-builder-row fusion-row\"><div class=\"fusion-layout-column fusion_builder_column fusion-builder-column-0 fusion_builder_column_1_6 1_6 fusion-one-sixth fusion-column-first fusion-no-small-visibility\" style=\"--awb-bg-blend:overlay;--awb-bg-size:cover;width:13.3333%; margin-right: 4%;\"><div class=\"fusion-column-wrapper fusion-flex-column-wrapper-legacy\"><div class=\"fusion-clearfix\"><\/div><\/div><\/div><div class=\"fusion-layout-column fusion_builder_column fusion-builder-column-1 fusion_builder_column_2_3 2_3 fusion-two-third\" style=\"--awb-bg-blend:overlay;--awb-bg-size:cover;--awb-margin-bottom:30px;width:65.3333%; margin-right: 4%;\"><div class=\"fusion-column-wrapper fusion-flex-column-wrapper-legacy\"><div class=\"fusion-text fusion-text-1\"><h2 style=\"text-align: left\"><strong>Contexto social<\/strong><\/h2>\n<\/div><div class=\"fusion-text fusion-text-2\"><p><strong>Novahumanitas<\/strong> constata que:<\/p>\n<ul>\n<li>no meio de um progresso jamais alcan\u00e7ado, o ser humano vive hoje globalmente tenso, inquieto, insatisfeito, at\u00e9 frustrado e agressivo\u2026<\/li>\n<li>Estando cient\u00edfica, t\u00e9cnica e confortavelmente superequipado, experimenta um <strong>\u201cvazio\u201d<\/strong> interior que se confessa ou se oculta debaixo de um ativismo desenfreado e de uma busca insaci\u00e1vel de prazer.<\/li>\n<\/ul>\n<p><strong>Novahumanitas <\/strong>pergunta-se:<\/p>\n<ul>\n<li>Porque \u00e9 que os fant\u00e1sticos avan\u00e7os da ci\u00eancia e da t\u00e9cnica n\u00e3o fazem o homem mais feliz nem lhe permitem sentir-se mais realizado?<\/li>\n<li>Como se explica que o mesmo \u201cprogresso\u201d levante enormes problemas sociais perante os quais as grandes pot\u00eancias mundiais se sentem impotentes?<\/li>\n<\/ul>\n<\/div><div class=\"fusion-sep-clear\"><\/div><div class=\"fusion-separator\" style=\"margin-left: auto;margin-right: auto;margin-top:15px;margin-bottom:35px;width:100%;max-width:170px;\"><div class=\"fusion-separator-border sep-single sep-solid\" style=\"--awb-height:20px;--awb-amount:20px;--awb-sep-color:#4dbd1c;border-color:#4dbd1c;border-top-width:1px;\"><\/div><\/div><div class=\"fusion-sep-clear\"><\/div><div class=\"fusion-text fusion-text-3\"><h2 style=\"text-align: left\"><strong>Tentativa de explica\u00e7\u00e3o<\/strong><\/h2>\n<\/div><div class=\"fusion-text fusion-text-4\"><p><strong>\u00a0<\/strong><strong>Novahumanitas considera que:<\/strong><strong>\u00a0<\/strong><\/p>\n<ul>\n<li>O ser humano conquistou o <strong>mundo exterior<\/strong>, mas descuidou o conhecimento e a conquista do <strong>\u201cseu pr\u00f3prio mundo\u201d; <\/strong>a descoberta e explora\u00e7\u00e3o de <strong>si mesmo.<\/strong><\/li>\n<\/ul>\n<ul>\n<li>Cresceu a ci\u00eancia, cresceu a t\u00e9cnica, cresceram as inven\u00e7\u00f5es e as m\u00e1quinas, mas n\u00e3o cresceu a <strong>pessoa humana.<\/strong><strong>\u00a0<\/strong><\/li>\n<\/ul>\n<ul>\n<li>O homem de hoje vive lan\u00e7ado para o exterior, est\u00e1 obcecado pela produtividade, tem muito para <strong>fazer<\/strong> mas esquece-se de <strong>ser\u2026<\/strong><strong>\u00a0<\/strong><\/li>\n<\/ul>\n<ul>\n<li>Talvez hoje, nos nossos pa\u00edses \u201chiperdesenvolvidos\u201d, vivamos um aut\u00eantico \u201csubdesenvolvimento\u201d causador dos dramas sociais que sofremos e lamentamos: o <strong>subdesenvolvimento humano<\/strong> que afeta hoje in\u00fameras pessoas\u2026<\/li>\n<li>A crise do nosso mundo, aparentemente econ\u00f3mica, pol\u00edtica ou social, \u00e9 isso sim uma crise de homens, HOMENS e de mulheres MULHERES. Os outros problemas s\u00e3o apenas a consequ\u00eancia.<\/li>\n<\/ul>\n<\/div><div class=\"fusion-sep-clear\"><\/div><div class=\"fusion-separator\" style=\"margin-left: auto;margin-right: auto;margin-top:15px;margin-bottom:35px;width:100%;max-width:170px;\"><div class=\"fusion-separator-border sep-single sep-solid\" style=\"--awb-height:20px;--awb-amount:20px;--awb-sep-color:#4dbd1c;border-color:#4dbd1c;border-top-width:1px;\"><\/div><\/div><div class=\"fusion-sep-clear\"><\/div><div class=\"fusion-text fusion-text-5\"><h2 style=\"text-align: left\"><strong>Tentativa de resposta<\/strong><\/h2>\n<\/div><div class=\"fusion-text fusion-text-6\"><p><strong>Novahumanitas pretende:<\/strong><\/p>\n<ul>\n<li>Ajudar o ser humano a \u201cdescobrir-se a si mesmo\u201d e explorar todo o potencial humano que leva dentro, para que possa sentir-se profundamente realizado e seja feliz consigo mesmo e com os outros.<\/li>\n<li>Promover o desenvolvimento integral da pessoa, favorecendo a sua aut\u00eantica qualidade de vida humana, a sua verdadeira solidez interior e a sua liberdade profunda.<\/li>\n<li>Contribuir para melhorar as rela\u00e7\u00f5es humanas, facilitando uma maior harmonia, bem-estar e paz nas fam\u00edlias, nos grupos sociais e nas empresas.<\/li>\n<li>Favorecer, assim, a emerg\u00eancia de uma sociedade mais humana e mais \u201chumanizante\u201d, mais respeitadora da pessoa e do cosmos, mais orientada para o desenvolvimento dos valores profundos, relacionais e transcendentes.<\/li>\n<\/ul>\n<\/div><div class=\"fusion-sep-clear\"><\/div><div class=\"fusion-separator\" style=\"margin-left: auto;margin-right: auto;margin-top:15px;margin-bottom:35px;width:100%;max-width:170px;\"><div class=\"fusion-separator-border sep-single sep-solid\" style=\"--awb-height:20px;--awb-amount:20px;--awb-sep-color:#4dbd1c;border-color:#4dbd1c;border-top-width:1px;\"><\/div><\/div><div class=\"fusion-sep-clear\"><\/div><div class=\"fusion-clearfix\"><\/div><\/div><\/div><\/div><\/div>\n","protected":false},"excerpt":{"rendered":"","protected":false},"author":1,"featured_media":0,"parent":9,"menu_order":0,"comment_status":"closed","ping_status":"closed","template":"100-width.php","meta":{"footnotes":""},"class_list":["post-2322","page","type-page","status-publish","hentry"],"aioseo_notices":[],"_links":{"self":[{"href":"https:\/\/novahumanitas.org\/pt\/wp-json\/wp\/v2\/pages\/2322","targetHints":{"allow":["GET"]}}],"collection":[{"href":"https:\/\/novahumanitas.org\/pt\/wp-json\/wp\/v2\/pages"}],"about":[{"href":"https:\/\/novahumanitas.org\/pt\/wp-json\/wp\/v2\/types\/page"}],"author":[{"embeddable":true,"href":"https:\/\/novahumanitas.org\/pt\/wp-json\/wp\/v2\/users\/1"}],"replies":[{"embeddable":true,"href":"https:\/\/novahumanitas.org\/pt\/wp-json\/wp\/v2\/comments?post=2322"}],"version-history":[{"count":10,"href":"https:\/\/novahumanitas.org\/pt\/wp-json\/wp\/v2\/pages\/2322\/revisions"}],"predecessor-version":[{"id":2611,"href":"https:\/\/novahumanitas.org\/pt\/wp-json\/wp\/v2\/pages\/2322\/revisions\/2611"}],"up":[{"embeddable":true,"href":"https:\/\/novahumanitas.org\/pt\/wp-json\/wp\/v2\/pages\/9"}],"wp:attachment":[{"href":"https:\/\/novahumanitas.org\/pt\/wp-json\/wp\/v2\/media?parent=2322"}],"curies":[{"name":"wp","href":"https:\/\/api.w.org\/{rel}","templated":true}]}}