{"id":2265,"date":"2020-05-06T16:36:44","date_gmt":"2020-05-06T15:36:44","guid":{"rendered":"https:\/\/novahumanitas.org\/pt\/?page_id=2265"},"modified":"2023-02-07T14:43:58","modified_gmt":"2023-02-07T14:43:58","slug":"formacao-humana","status":"publish","type":"page","link":"https:\/\/novahumanitas.org\/pt\/o-que-oferecemos\/formacao-humana\/","title":{"rendered":"Forma\u00e7\u00e3o Humana"},"content":{"rendered":"<div class=\"fusion-fullwidth fullwidth-box fusion-builder-row-1 nonhundred-percent-fullwidth non-hundred-percent-height-scrolling\" style=\"--awb-background-position:left top;--awb-border-sizes-top:0px;--awb-border-sizes-bottom:0px;--awb-border-sizes-left:0px;--awb-border-sizes-right:0px;--awb-border-radius-top-left:0px;--awb-border-radius-top-right:0px;--awb-border-radius-bottom-right:0px;--awb-border-radius-bottom-left:0px;--awb-padding-bottom:50px;--awb-flex-wrap:wrap;\" ><div class=\"fusion-builder-row fusion-row\"><div class=\"fusion-layout-column fusion_builder_column fusion-builder-column-0 fusion_builder_column_1_6 1_6 fusion-one-sixth fusion-column-first fusion-no-small-visibility\" style=\"--awb-bg-blend:overlay;--awb-bg-size:cover;width:13.3333%; margin-right: 4%;\"><div class=\"fusion-column-wrapper fusion-flex-column-wrapper-legacy\"><div class=\"fusion-clearfix\"><\/div><\/div><\/div><div class=\"fusion-layout-column fusion_builder_column fusion-builder-column-1 fusion_builder_column_2_3 2_3 fusion-two-third\" style=\"--awb-bg-blend:overlay;--awb-bg-size:cover;--awb-margin-bottom:30px;width:65.3333%; margin-right: 4%;\"><div class=\"fusion-column-wrapper fusion-flex-column-wrapper-legacy\"><div class=\"fusion-title title fusion-title-1 fusion-sep-none fusion-title-text fusion-title-size-one\" style=\"--awb-margin-top-small:0px;--awb-margin-right-small:0px;--awb-margin-bottom-small:20px;--awb-margin-left-small:0px;\"><h1 class=\"fusion-title-heading title-heading-left fusion-responsive-typography-calculated\" style=\"margin:0;--fontSize:44;line-height:1.15;\"><strong>A pessoa e o seu funcionamento<\/strong><\/h1><\/div><div class=\"fusion-text fusion-text-1\"><p>Sess\u00f5es que permitem descobrir e experimentar a estrutura interna e o funcionamento ajustado do ser humano.<\/p>\n<p><strong>\u2022 &#8220;Descobre-te a ti mesmo&#8230;&#8221;<\/strong> \u2013 A minha constitui\u00e7\u00e3o e o meu funcionamento interior<br \/>\n(sess\u00e3o pela qual se deve iniciar a forma\u00e7\u00e3o)<\/p>\n<p><strong>\u2022 Crescer em verdadeira autoestima<\/strong> \u2013 A autoestima, fruto de experi\u00eancia interior<\/p>\n<p><strong>\u2022 Ser pessoa unificada<\/strong> \u2013 O funcionamento ajustado do ser humano<\/p>\n<p><strong>\u2022 Dar qualidade \u00e0 pr\u00f3pria vida<\/strong> \u2013 Viver melhor os meus aspetos quotidianos<\/p>\n<p><strong>\u2022 Como desenvolver a minha personalidade<\/strong> \u2013 Dinamismos e condi\u00e7\u00f5es do meu crescimento pessoal<\/p>\n<p><strong>\u2022 Determinar-me a crescer<\/strong> \u2013 Atitudes e meios para desenvolver a minha personalidade<\/p>\n<p><strong>\u2022 Para que estou feito?<\/strong> \u2013 Como autorrealizar-me na vida<\/p>\n<p><strong>\u2022 Conhecer e desenvolver o amor verdadeiro<\/strong> \u2013 \u201cIngredientes\u201d e etapas do aut\u00eantico amor humano<\/p>\n<p><strong>\u2022 Eu e o meu passado<\/strong> \u2013 Import\u00e2ncia e repercuss\u00f5es do meu passado no meu presente<\/p>\n<p><strong>\u2022 Eu e o meu corpo<\/strong> \u2013 Import\u00e2ncia do meu corpo no meu desenvolvimento pessoal<\/p>\n<\/div><div class=\"fusion-sep-clear\"><\/div><div class=\"fusion-separator\" style=\"margin-left: auto;margin-right: auto;margin-top:15px;margin-bottom:35px;width:100%;max-width:170px;\"><div class=\"fusion-separator-border sep-single sep-solid\" style=\"--awb-height:20px;--awb-amount:20px;--awb-sep-color:#4dbd1c;border-color:#4dbd1c;border-top-width:1px;\"><\/div><\/div><div class=\"fusion-sep-clear\"><\/div><div class=\"fusion-title title fusion-title-2 fusion-sep-none fusion-title-text fusion-title-size-one\" style=\"--awb-margin-top-small:0px;--awb-margin-right-small:0px;--awb-margin-bottom-small:20px;--awb-margin-left-small:0px;\"><h1 class=\"fusion-title-heading title-heading-left fusion-responsive-typography-calculated\" style=\"margin:0;--fontSize:44;line-height:1.15;\"><strong>A pessoa em rela\u00e7\u00e3o<\/strong><\/h1><\/div><div class=\"fusion-text fusion-text-2\"><p>Sess\u00f5es que permitem \u00e0 pessoa diferenciar e viver melhor as rela\u00e7\u00f5es interpessoais.<\/p>\n<p><strong>\u2022 As minhas rela\u00e7\u00f5es afetivas<\/strong> \u2013 Caracter\u00edsticas e riquezas de cada tipo de rela\u00e7\u00e3o<\/p>\n<p><strong>\u2022 Melhorar as rela\u00e7\u00f5es interpessoais<\/strong> \u2013 Atitudes humanas que eu preciso desenvolver<\/p>\n<p><strong>\u2022 Compreender e evitar dificuldades de rela\u00e7\u00e3o<\/strong> \u2013 Origem das dificuldades e modo de as gerir<\/p>\n<p><strong>\u2022 Viver e agir nos meus grupos<\/strong> \u2013 Os grupos, espa\u00e7os para o meu desenvolvimento pessoal<br \/>\n(sess\u00e3o pela qual, ocasionalmente, se pode iniciar a forma\u00e7\u00e3o)<\/p>\n<p><strong>\u2022 Liderar humanamente a minha empresa<\/strong> \u2013 Gest\u00e3o humana e efic\u00e1cia empresarial<\/p>\n<p><strong>\u2022 A rela\u00e7\u00e3o de ajuda<\/strong> \u2013 Como ajudar e ser ajudado no meu pr\u00f3prio crescimento<\/p>\n<\/div><div class=\"fusion-sep-clear\"><\/div><div class=\"fusion-separator\" style=\"margin-left: auto;margin-right: auto;margin-top:15px;margin-bottom:35px;width:100%;max-width:170px;\"><div class=\"fusion-separator-border sep-single sep-solid\" style=\"--awb-height:20px;--awb-amount:20px;--awb-sep-color:#4dbd1c;border-color:#4dbd1c;border-top-width:1px;\"><\/div><\/div><div class=\"fusion-sep-clear\"><\/div><div class=\"fusion-title title fusion-title-3 fusion-sep-none fusion-title-text fusion-title-size-one\" style=\"--awb-margin-top-small:0px;--awb-margin-right-small:0px;--awb-margin-bottom-small:20px;--awb-margin-left-small:0px;\"><h1 class=\"fusion-title-heading title-heading-left fusion-responsive-typography-calculated\" style=\"margin:0;--fontSize:44;line-height:1.15;\"><strong>A Educa\u00e7\u00e3o<\/strong><\/h1><\/div><div class=\"fusion-text fusion-text-3\"><p><strong>\u2022 Educar: a arte de ajudar a crescer<\/strong> \u2013 Atitudes fundamentais de pais e educadores<br \/>\n(sess\u00e3o pela qual, ocasionalmente, se pode iniciar a forma\u00e7\u00e3o)<\/p>\n<\/div><div class=\"fusion-sep-clear\"><\/div><div class=\"fusion-separator\" style=\"margin-left: auto;margin-right: auto;margin-top:15px;margin-bottom:35px;width:100%;max-width:170px;\"><div class=\"fusion-separator-border sep-single sep-solid\" style=\"--awb-height:20px;--awb-amount:20px;--awb-sep-color:#4dbd1c;border-color:#4dbd1c;border-top-width:1px;\"><\/div><\/div><div class=\"fusion-sep-clear\"><\/div><div class=\"fusion-title title fusion-title-4 fusion-sep-none fusion-title-text fusion-title-size-one\" style=\"--awb-margin-top-small:0px;--awb-margin-right-small:0px;--awb-margin-bottom-small:20px;--awb-margin-left-small:0px;\"><h1 class=\"fusion-title-heading title-heading-left fusion-responsive-typography-calculated\" style=\"margin:0;--fontSize:44;line-height:1.15;\"><strong>T\u00e9cnicas de desenvolvimento pessoal<\/strong><\/h1><\/div><div class=\"fusion-text fusion-text-4\"><p>Sess\u00f5es em que se praticam e aprendem metodologias muito \u00fateis para o crescimento quotidiano.<\/p>\n<p><strong>\u2022 Aprender a analisar-me<\/strong> \u2013 Aprofundar e clarificar as minhas viv\u00eancias interiores<\/p>\n<p><strong>\u2022 Como tomar as minhas decis\u00f5es<\/strong> \u2013 Aprender um m\u00e9todo eficaz de discernimento<\/p>\n<\/div><div class=\"fusion-sep-clear\"><\/div><div class=\"fusion-separator\" style=\"margin-left: auto;margin-right: auto;margin-top:15px;margin-bottom:35px;width:100%;max-width:170px;\"><div class=\"fusion-separator-border sep-single sep-solid\" style=\"--awb-height:20px;--awb-amount:20px;--awb-sep-color:#4dbd1c;border-color:#4dbd1c;border-top-width:1px;\"><\/div><\/div><div class=\"fusion-sep-clear\"><\/div><div class=\"fusion-clearfix\"><\/div><\/div><\/div><\/div><\/div>\n","protected":false},"excerpt":{"rendered":"","protected":false},"author":1,"featured_media":0,"parent":2169,"menu_order":0,"comment_status":"closed","ping_status":"closed","template":"100-width.php","meta":{"footnotes":""},"class_list":["post-2265","page","type-page","status-publish","hentry"],"aioseo_notices":[],"_links":{"self":[{"href":"https:\/\/novahumanitas.org\/pt\/wp-json\/wp\/v2\/pages\/2265","targetHints":{"allow":["GET"]}}],"collection":[{"href":"https:\/\/novahumanitas.org\/pt\/wp-json\/wp\/v2\/pages"}],"about":[{"href":"https:\/\/novahumanitas.org\/pt\/wp-json\/wp\/v2\/types\/page"}],"author":[{"embeddable":true,"href":"https:\/\/novahumanitas.org\/pt\/wp-json\/wp\/v2\/users\/1"}],"replies":[{"embeddable":true,"href":"https:\/\/novahumanitas.org\/pt\/wp-json\/wp\/v2\/comments?post=2265"}],"version-history":[{"count":26,"href":"https:\/\/novahumanitas.org\/pt\/wp-json\/wp\/v2\/pages\/2265\/revisions"}],"predecessor-version":[{"id":2662,"href":"https:\/\/novahumanitas.org\/pt\/wp-json\/wp\/v2\/pages\/2265\/revisions\/2662"}],"up":[{"embeddable":true,"href":"https:\/\/novahumanitas.org\/pt\/wp-json\/wp\/v2\/pages\/2169"}],"wp:attachment":[{"href":"https:\/\/novahumanitas.org\/pt\/wp-json\/wp\/v2\/media?parent=2265"}],"curies":[{"name":"wp","href":"https:\/\/api.w.org\/{rel}","templated":true}]}}