{"id":2169,"date":"2020-05-01T18:17:49","date_gmt":"2020-05-01T17:17:49","guid":{"rendered":"https:\/\/novahumanitas.org\/pt\/?page_id=2169"},"modified":"2023-02-07T14:51:35","modified_gmt":"2023-02-07T14:51:35","slug":"o-que-oferecemos","status":"publish","type":"page","link":"https:\/\/novahumanitas.org\/pt\/o-que-oferecemos\/","title":{"rendered":"O que oferecemos"},"content":{"rendered":"<div class=\"fusion-fullwidth fullwidth-box fusion-builder-row-1 nonhundred-percent-fullwidth non-hundred-percent-height-scrolling\" style=\"--awb-background-position:left top;--awb-border-sizes-top:0px;--awb-border-sizes-bottom:0px;--awb-border-sizes-left:0px;--awb-border-sizes-right:0px;--awb-border-radius-top-left:0px;--awb-border-radius-top-right:0px;--awb-border-radius-bottom-right:0px;--awb-border-radius-bottom-left:0px;--awb-padding-bottom:50px;--awb-flex-wrap:wrap;\" ><div class=\"fusion-builder-row fusion-row\"><div class=\"fusion-layout-column fusion_builder_column fusion-builder-column-0 fusion_builder_column_1_6 1_6 fusion-one-sixth fusion-column-first fusion-no-small-visibility\" style=\"--awb-bg-blend:overlay;--awb-bg-size:cover;width:13.3333%; margin-right: 4%;\"><div class=\"fusion-column-wrapper fusion-flex-column-wrapper-legacy\"><div class=\"fusion-clearfix\"><\/div><\/div><\/div><div class=\"fusion-layout-column fusion_builder_column fusion-builder-column-1 fusion_builder_column_2_3 2_3 fusion-two-third\" style=\"--awb-bg-blend:overlay;--awb-bg-size:cover;--awb-margin-bottom:30px;width:65.3333%; margin-right: 4%;\"><div class=\"fusion-column-wrapper fusion-flex-column-wrapper-legacy\"><div class=\"fusion-title title fusion-title-1 fusion-sep-none fusion-title-text fusion-title-size-one\" style=\"--awb-margin-top-small:0px;--awb-margin-right-small:0px;--awb-margin-bottom-small:20px;--awb-margin-left-small:0px;\"><h1 class=\"fusion-title-heading title-heading-left fusion-responsive-typography-calculated\" style=\"margin:0;--fontSize:44;line-height:1.15;\">Novahumanitas oferece:<\/h1><\/div><div class=\"fusion-text fusion-text-1\"><ul>\n<li>Cursos de forma\u00e7\u00e3o (\u201cSess\u00f5es\u201d)<\/li>\n<li>Acompanhamento individual<\/li>\n<li>Acompanhamento em grupo<\/li>\n<\/ul>\n<p>As sess\u00f5es constituem a parte fundamental da forma\u00e7\u00e3o. T\u00eam a dura\u00e7\u00e3o de dois ou de quatro dias. Podem ser realizadas em continuidade ou distribu\u00eddas em fins de semana ou em dias separados.<\/p>\n<p>\u00c9 necess\u00e1rio iniciar a forma\u00e7\u00e3o <strong>Novahumanitas<\/strong> pela sess\u00e3o <strong>\u201cDescobre-te a ti mesmo\u2026\u201d<\/strong>. Em determinados casos, poder\u00e1 iniciar-se tamb\u00e9m pelas sess\u00f5es <strong>\u201cCrescer em verdadeira autoestima<\/strong><strong>\u201d<\/strong>, <strong>\u201cEducar: a arte de ajudar a crescer\u201d<\/strong> ou <strong>\u201cViver e agir em grupo\u201d<\/strong>.<\/p>\n<p>Os temas das sess\u00f5es agrupam-se em v\u00e1rias \u00e1reas:<\/p>\n<ul>\n<li><strong>A pessoa: sua constitui\u00e7\u00e3o e seu funcionamento <\/strong>(autoconhecimento, autoestima, dimens\u00e3o afetiva, rela\u00e7\u00e3o com o corpo, integra\u00e7\u00e3o do passado).<\/li>\n<\/ul>\n<ul>\n<li><strong>A pessoa em rela\u00e7\u00e3o <\/strong>(rela\u00e7\u00f5es interpessoais, vida em grupo, gest\u00e3o humana na empresa, a rela\u00e7\u00e3o de ajuda);<\/li>\n<li><strong>A educa\u00e7\u00e3o<\/strong> (a arte de ajudar a crescer).<\/li>\n<li><strong>T\u00e9cnicas de desenvolvimento pessoal <\/strong>(aprender a analisar-me, como tomar decis\u00f5es).<\/li>\n<li><strong>A pessoa e a Transcend\u00eancia<\/strong>.<\/li>\n<\/ul>\n<\/div><div class=\"fusion-sep-clear\"><\/div><div class=\"fusion-separator\" style=\"margin-left: auto;margin-right: auto;margin-top:15px;margin-bottom:35px;width:100%;max-width:170px;\"><div class=\"fusion-separator-border sep-single sep-solid\" style=\"--awb-height:20px;--awb-amount:20px;--awb-sep-color:#4dbd1c;border-color:#4dbd1c;border-top-width:1px;\"><\/div><\/div><div class=\"fusion-sep-clear\"><\/div><div class=\"fusion-sep-clear\"><\/div><div class=\"fusion-separator fusion-full-width-sep\" style=\"margin-left: auto;margin-right: auto;margin-top:35px;width:100%;\"><\/div><div class=\"fusion-sep-clear\"><\/div><div class=\"fusion-clearfix\"><\/div><\/div><\/div><\/div><\/div>\n","protected":false},"excerpt":{"rendered":"","protected":false},"author":1,"featured_media":0,"parent":0,"menu_order":0,"comment_status":"closed","ping_status":"closed","template":"100-width.php","meta":{"footnotes":""},"class_list":["post-2169","page","type-page","status-publish","hentry"],"aioseo_notices":[],"_links":{"self":[{"href":"https:\/\/novahumanitas.org\/pt\/wp-json\/wp\/v2\/pages\/2169","targetHints":{"allow":["GET"]}}],"collection":[{"href":"https:\/\/novahumanitas.org\/pt\/wp-json\/wp\/v2\/pages"}],"about":[{"href":"https:\/\/novahumanitas.org\/pt\/wp-json\/wp\/v2\/types\/page"}],"author":[{"embeddable":true,"href":"https:\/\/novahumanitas.org\/pt\/wp-json\/wp\/v2\/users\/1"}],"replies":[{"embeddable":true,"href":"https:\/\/novahumanitas.org\/pt\/wp-json\/wp\/v2\/comments?post=2169"}],"version-history":[{"count":79,"href":"https:\/\/novahumanitas.org\/pt\/wp-json\/wp\/v2\/pages\/2169\/revisions"}],"predecessor-version":[{"id":2664,"href":"https:\/\/novahumanitas.org\/pt\/wp-json\/wp\/v2\/pages\/2169\/revisions\/2664"}],"wp:attachment":[{"href":"https:\/\/novahumanitas.org\/pt\/wp-json\/wp\/v2\/media?parent=2169"}],"curies":[{"name":"wp","href":"https:\/\/api.w.org\/{rel}","templated":true}]}}