{"id":2046,"date":"2020-04-15T20:08:33","date_gmt":"2020-04-15T19:08:33","guid":{"rendered":"https:\/\/novahumanitas.org\/pt\/?page_id=2046"},"modified":"2023-01-23T15:29:41","modified_gmt":"2023-01-23T15:29:41","slug":"metodologia","status":"publish","type":"page","link":"https:\/\/novahumanitas.org\/pt\/o-que-oferecemos\/metodologia\/","title":{"rendered":"Metodologia"},"content":{"rendered":"<div class=\"fusion-fullwidth fullwidth-box fusion-builder-row-1 nonhundred-percent-fullwidth non-hundred-percent-height-scrolling\" style=\"--awb-background-position:left top;--awb-border-sizes-top:0px;--awb-border-sizes-bottom:0px;--awb-border-sizes-left:0px;--awb-border-sizes-right:0px;--awb-border-radius-top-left:0px;--awb-border-radius-top-right:0px;--awb-border-radius-bottom-right:0px;--awb-border-radius-bottom-left:0px;--awb-padding-bottom:50px;--awb-flex-wrap:wrap;\" ><div class=\"fusion-builder-row fusion-row\"><div class=\"fusion-layout-column fusion_builder_column fusion-builder-column-0 fusion_builder_column_1_6 1_6 fusion-one-sixth fusion-column-first fusion-no-small-visibility\" style=\"--awb-bg-blend:overlay;--awb-bg-size:cover;width:13.3333%; margin-right: 4%;\"><div class=\"fusion-column-wrapper fusion-flex-column-wrapper-legacy\"><div class=\"fusion-clearfix\"><\/div><\/div><\/div><div class=\"fusion-layout-column fusion_builder_column fusion-builder-column-1 fusion_builder_column_2_3 2_3 fusion-two-third\" style=\"--awb-bg-blend:overlay;--awb-bg-size:cover;--awb-margin-bottom:30px;width:65.3333%; margin-right: 4%;\"><div class=\"fusion-column-wrapper fusion-flex-column-wrapper-legacy\"><div class=\"fusion-title title fusion-title-1 fusion-sep-none fusion-title-text fusion-title-size-one\" style=\"--awb-margin-top-small:0px;--awb-margin-right-small:0px;--awb-margin-bottom-small:20px;--awb-margin-left-small:0px;\"><h1 class=\"fusion-title-heading title-heading-left fusion-responsive-typography-calculated\" style=\"margin:0;--fontSize:44;line-height:1.15;\">Metodologia \u2013 O seu conte\u00fado<\/h1><\/div><div class=\"fusion-text fusion-text-1\"><p><strong>A metodologia de Novahumanitas \u00e9:<\/strong><\/p>\n<p>\u2022 Simples, ativa e indutiva;<br \/>\n\u2022 Parte da vida e conduz \u00e0 vida.<\/p>\n<p><strong>Esta metodologia ajuda a pessoa a:<\/strong><br \/>\n\u2022 Tomar consci\u00eancia do que j\u00e1 vive de modo construtivo, para desenvolv\u00ea-lo,<br \/>\n\u2022 Verificar o que deve melhorar e o modo de o fazer.<\/p>\n<p><strong>Para consegui-lo:<\/strong><br \/>\n\u2022 Prop\u00f5em-se pontos de auto-an\u00e1lise da pr\u00f3pria viv\u00eancia interior.<br \/>\n\u2022 Convida-se a partilhar, com liberdade, o que cada um deseje.<br \/>\n\u2022 Partindo destas viv\u00eancias pessoais e apoiando-se nas investiga\u00e7\u00f5es da psicologia e de outras ci\u00eancias humanas, o formador ajuda a clarificar, ampliar e completar o conte\u00fado dessas experi\u00eancias pessoais.<br \/>\n\u2022 Existem tempos livres para integrar e continuar a s\u00f3s o trabalho realizado.<br \/>\n\u2022 Oferece-se a possibilidade de ter um encontro pessoal com o formador.<\/p>\n<\/div><div class=\"fusion-sep-clear\"><\/div><div class=\"fusion-separator\" style=\"margin-left: auto;margin-right: auto;margin-top:15px;margin-bottom:35px;width:100%;max-width:170px;\"><div class=\"fusion-separator-border sep-single sep-solid\" style=\"--awb-height:20px;--awb-amount:20px;--awb-sep-color:#4dbd1c;border-color:#4dbd1c;border-top-width:1px;\"><\/div><\/div><div class=\"fusion-sep-clear\"><\/div><div class=\"fusion-title title fusion-title-2 fusion-sep-none fusion-title-text fusion-title-size-one\" style=\"--awb-margin-top-small:0px;--awb-margin-right-small:0px;--awb-margin-bottom-small:20px;--awb-margin-left-small:0px;\"><h1 class=\"fusion-title-heading title-heading-left fusion-responsive-typography-calculated\" style=\"margin:0;--fontSize:44;line-height:1.15;\">Metodologia \u2013 sua origem<\/h1><\/div><div class=\"fusion-text fusion-text-2\"><p><strong>Os \u201cPontos de An\u00e1lise\u201d<\/strong><br \/>\n\u2022 A origem do que designamos com a express\u00e3o \u201cPontos de An\u00e1lise\u201d encontra-se j\u00e1 nos grande mestres da filosofia grega, particularmente em S\u00f3crates. No processo formativo que realizava com os seus disc\u00edpulos, S\u00f3crates n\u00e3o dava ensinamentos magistrais: tentava, antes de tudo, despertar o interesse e a atitude de busca pessoal dos seus ouvintes, colocando-lhes perguntas. Nesta atitude dialogante, o disc\u00edpulo era conduzido a descobrir por si a verdade que j\u00e1 tinha dentro de si mesmo.<\/p>\n<p>\u2022 O dicion\u00e1rio da Real Academia da l\u00edngua Espanhola define assim este m\u00e9todo pedag\u00f3gico tradicionalmente chamada \u201cmai\u00eautica\u201d:<br \/>\n\u201cusa-se desde S\u00f3crates para nomear a arte com que o mestre, mediante a sua palavra, vai iluminado na alma do disc\u00edpulo no\u00e7\u00f5es que este tinha em si, sem o saber\u201d.<\/p>\n<\/div><div class=\"fusion-sep-clear\"><\/div><div class=\"fusion-separator\" style=\"margin-left: auto;margin-right: auto;margin-top:15px;margin-bottom:35px;width:100%;max-width:170px;\"><div class=\"fusion-separator-border sep-single sep-solid\" style=\"--awb-height:20px;--awb-amount:20px;--awb-sep-color:#4dbd1c;border-color:#4dbd1c;border-top-width:1px;\"><\/div><\/div><div class=\"fusion-sep-clear\"><\/div><div class=\"fusion-clearfix\"><\/div><\/div><\/div><\/div><\/div>\n","protected":false},"excerpt":{"rendered":"","protected":false},"author":1,"featured_media":0,"parent":2169,"menu_order":0,"comment_status":"closed","ping_status":"closed","template":"100-width.php","meta":{"footnotes":""},"class_list":["post-2046","page","type-page","status-publish","hentry"],"aioseo_notices":[],"_links":{"self":[{"href":"https:\/\/novahumanitas.org\/pt\/wp-json\/wp\/v2\/pages\/2046","targetHints":{"allow":["GET"]}}],"collection":[{"href":"https:\/\/novahumanitas.org\/pt\/wp-json\/wp\/v2\/pages"}],"about":[{"href":"https:\/\/novahumanitas.org\/pt\/wp-json\/wp\/v2\/types\/page"}],"author":[{"embeddable":true,"href":"https:\/\/novahumanitas.org\/pt\/wp-json\/wp\/v2\/users\/1"}],"replies":[{"embeddable":true,"href":"https:\/\/novahumanitas.org\/pt\/wp-json\/wp\/v2\/comments?post=2046"}],"version-history":[{"count":24,"href":"https:\/\/novahumanitas.org\/pt\/wp-json\/wp\/v2\/pages\/2046\/revisions"}],"predecessor-version":[{"id":2618,"href":"https:\/\/novahumanitas.org\/pt\/wp-json\/wp\/v2\/pages\/2046\/revisions\/2618"}],"up":[{"embeddable":true,"href":"https:\/\/novahumanitas.org\/pt\/wp-json\/wp\/v2\/pages\/2169"}],"wp:attachment":[{"href":"https:\/\/novahumanitas.org\/pt\/wp-json\/wp\/v2\/media?parent=2046"}],"curies":[{"name":"wp","href":"https:\/\/api.w.org\/{rel}","templated":true}]}}