{"id":2734,"date":"2025-09-24T12:40:37","date_gmt":"2025-09-24T10:40:37","guid":{"rendered":"https:\/\/novahumanitas.org\/es\/?page_id=2734"},"modified":"2025-09-24T12:40:37","modified_gmt":"2025-09-24T10:40:37","slug":"vision-y-mision","status":"publish","type":"page","link":"https:\/\/novahumanitas.org\/es\/quienes-somos\/vision-y-mision\/","title":{"rendered":"Visi\u00f3n y Misi\u00f3n"},"content":{"rendered":"<div class=\"fusion-fullwidth fullwidth-box fusion-builder-row-1 nonhundred-percent-fullwidth non-hundred-percent-height-scrolling\" style=\"--awb-background-position:left top;--awb-border-sizes-top:0px;--awb-border-sizes-bottom:0px;--awb-border-sizes-left:0px;--awb-border-sizes-right:0px;--awb-border-radius-top-left:0px;--awb-border-radius-top-right:0px;--awb-border-radius-bottom-right:0px;--awb-border-radius-bottom-left:0px;--awb-padding-top:0px;--awb-padding-bottom:50px;--awb-flex-wrap:wrap;\" ><div class=\"fusion-builder-row fusion-row\"><div class=\"fusion-layout-column fusion_builder_column fusion-builder-column-0 fusion_builder_column_1_6 1_6 fusion-one-sixth fusion-column-first fusion-no-small-visibility\" style=\"--awb-bg-blend:overlay;--awb-bg-size:cover;width:13.3333%; margin-right: 4%;\"><div class=\"fusion-column-wrapper fusion-flex-column-wrapper-legacy\"><div class=\"fusion-clearfix\"><\/div><\/div><\/div><div class=\"fusion-layout-column fusion_builder_column fusion-builder-column-1 fusion_builder_column_2_3 2_3 fusion-two-third\" style=\"--awb-bg-blend:overlay;--awb-bg-size:cover;--awb-margin-bottom:30px;width:65.3333%; margin-right: 4%;\"><div class=\"fusion-column-wrapper fusion-flex-column-wrapper-legacy\"><div class=\"fusion-text fusion-text-1\"><h2 style=\"text-align: left\"><strong>Contexto social<\/strong><\/h2>\n<\/div><div class=\"fusion-text fusion-text-2\"><p><strong>Novahumanitas<\/strong> constata que:<\/p>\n<ul>\n<li>en medio de un progreso jam\u00e1s alcanzado, el ser humano vive hoy globalmente tenso, inquieto, insatisfecho, incluso frustrado y agresivo\u2026<\/li>\n<li>Estando cient\u00edfica, t\u00e9cnica y confortablemente sobre-equipado, experimenta un <strong>\u201cvac\u00edo\u201d<\/strong> interior que se confiesa o se oculta bajo un activismo desenfrenado y una b\u00fasqueda insaciable de placer.<\/li>\n<\/ul>\n<p><strong>Novahumanitas<\/strong> se pregunta:<\/p>\n<ul>\n<li>\u00bfPor qu\u00e9 los fant\u00e1sticos avances de la ciencia y de la t\u00e9cnica no hacen al hombre m\u00e1s feliz ni le permiten sentirse m\u00e1s realizado?<\/li>\n<li>\u00bfC\u00f3mo se explica que el mismo \u201cprogreso\u201d plantee enormes problemas sociales ante los cuales las grandes potencias mundiales se sienten impotentes?<\/li>\n<\/ul>\n<\/div><div class=\"fusion-sep-clear\"><\/div><div class=\"fusion-separator\" style=\"margin-left: auto;margin-right: auto;margin-top:15px;margin-bottom:35px;width:100%;max-width:170px;\"><div class=\"fusion-separator-border sep-single sep-solid\" style=\"--awb-height:20px;--awb-amount:20px;--awb-sep-color:#4dbd1c;border-color:#4dbd1c;border-top-width:1px;\"><\/div><\/div><div class=\"fusion-sep-clear\"><\/div><div class=\"fusion-text fusion-text-3\"><h2 style=\"text-align: left;\"><strong>Intento de explicaci\u00f3n<\/strong><\/h2>\n<\/div><div class=\"fusion-text fusion-text-4\"><p><strong>Novahumanitas considera que:<\/strong><\/p>\n<ul>\n<li>El ser humano conquist\u00f3 el <strong>mundo exterior<\/strong>, pero descuid\u00f3 el conocimiento y la conquista de su <strong>\u201cpropio mundo\u201d<\/strong>; el descubrimiento y la exploraci\u00f3n de <strong>s\u00ed mismo<\/strong>.<\/li>\n<\/ul>\n<ul>\n<li>Creci\u00f3 la ciencia, creci\u00f3 la t\u00e9cnica, crecieron los inventos y las m\u00e1quinas, pero no creci\u00f3 la <strong>persona humana<\/strong>.<\/li>\n<\/ul>\n<ul>\n<li>El hombre de hoy vive volcado hacia el exterior, est\u00e1 obsesionado por la productividad, tiene mucho para <strong>hacer<\/strong> pero se olvida de <strong>ser\u2026<\/strong><\/li>\n<\/ul>\n<ul>\n<li>Quiz\u00e1s hoy, en nuestros pa\u00edses \u201chiperdesarrollados\u201d, vivamos un aut\u00e9ntico \u201csubdesarrollo\u201d causante de los dramas sociales que sufrimos y lamentamos: el <strong>subdesarrollo humano<\/strong> que afecta hoy a innumerables personas\u2026<\/li>\n<li>La crisis de nuestro mundo, aparentemente econ\u00f3mica, pol\u00edtica o social, es en realidad una crisis de hombres HOMBRES y de mujeres MUJERES. Los dem\u00e1s problemas son solo la consecuencia.<\/li>\n<\/ul>\n<\/div><div class=\"fusion-sep-clear\"><\/div><div class=\"fusion-separator\" style=\"margin-left: auto;margin-right: auto;margin-top:15px;margin-bottom:35px;width:100%;max-width:170px;\"><div class=\"fusion-separator-border sep-single sep-solid\" style=\"--awb-height:20px;--awb-amount:20px;--awb-sep-color:#4dbd1c;border-color:#4dbd1c;border-top-width:1px;\"><\/div><\/div><div class=\"fusion-sep-clear\"><\/div><div class=\"fusion-text fusion-text-5\"><h2 style=\"text-align: left;\"><strong>Intento de respuesta<\/strong><\/h2>\n<\/div><div class=\"fusion-text fusion-text-6\"><p><strong>Novahumanitas pretende:<\/strong><\/p>\n<ul>\n<li>Ayudar al ser humano a \u201cdescubrirse a s\u00ed mismo\u201d y explorar todo el potencial humano que lleva dentro, para que pueda sentirse profundamente realizado y ser feliz consigo mismo y con los dem\u00e1s.<\/li>\n<li>Promover el desarrollo integral de la persona, favoreciendo su aut\u00e9ntica calidad de vida humana, su verdadera solidez interior y su libertad profunda.<\/li>\n<li>Contribuir a mejorar las relaciones humanas, facilitando una mayor armon\u00eda, bienestar y paz en las familias, en los grupos sociales y en las empresas.<\/li>\n<li>Favorecer, as\u00ed, la emergencia de una sociedad m\u00e1s humana y m\u00e1s \u201chumanizante\u201d, m\u00e1s respetuosa con la persona y con el cosmos, m\u00e1s orientada al desarrollo de los valores profundos, relacionales y trascendentes.<\/li>\n<\/ul>\n<\/div><div class=\"fusion-sep-clear\"><\/div><div class=\"fusion-separator\" style=\"margin-left: auto;margin-right: auto;margin-top:15px;margin-bottom:35px;width:100%;max-width:170px;\"><div class=\"fusion-separator-border sep-single sep-solid\" style=\"--awb-height:20px;--awb-amount:20px;--awb-sep-color:#4dbd1c;border-color:#4dbd1c;border-top-width:1px;\"><\/div><\/div><div class=\"fusion-sep-clear\"><\/div><div class=\"fusion-clearfix\"><\/div><\/div><\/div><\/div><\/div>\n","protected":false},"excerpt":{"rendered":"","protected":false},"author":1,"featured_media":0,"parent":2730,"menu_order":0,"comment_status":"closed","ping_status":"closed","template":"100-width.php","meta":{"footnotes":""},"class_list":["post-2734","page","type-page","status-publish","hentry"],"aioseo_notices":[],"_links":{"self":[{"href":"https:\/\/novahumanitas.org\/es\/wp-json\/wp\/v2\/pages\/2734","targetHints":{"allow":["GET"]}}],"collection":[{"href":"https:\/\/novahumanitas.org\/es\/wp-json\/wp\/v2\/pages"}],"about":[{"href":"https:\/\/novahumanitas.org\/es\/wp-json\/wp\/v2\/types\/page"}],"author":[{"embeddable":true,"href":"https:\/\/novahumanitas.org\/es\/wp-json\/wp\/v2\/users\/1"}],"replies":[{"embeddable":true,"href":"https:\/\/novahumanitas.org\/es\/wp-json\/wp\/v2\/comments?post=2734"}],"version-history":[{"count":3,"href":"https:\/\/novahumanitas.org\/es\/wp-json\/wp\/v2\/pages\/2734\/revisions"}],"predecessor-version":[{"id":2772,"href":"https:\/\/novahumanitas.org\/es\/wp-json\/wp\/v2\/pages\/2734\/revisions\/2772"}],"up":[{"embeddable":true,"href":"https:\/\/novahumanitas.org\/es\/wp-json\/wp\/v2\/pages\/2730"}],"wp:attachment":[{"href":"https:\/\/novahumanitas.org\/es\/wp-json\/wp\/v2\/media?parent=2734"}],"curies":[{"name":"wp","href":"https:\/\/api.w.org\/{rel}","templated":true}]}}